{"id":170,"date":"2025-04-21T16:14:16","date_gmt":"2025-04-21T14:14:16","guid":{"rendered":"https:\/\/aubrylecomte.avocat.fr\/?page_id=170"},"modified":"2025-08-07T09:33:25","modified_gmt":"2025-08-07T07:33:25","slug":"fiche-entreprise","status":"publish","type":"page","link":"https:\/\/aubrylecomte.avocat.fr\/?page_id=170","title":{"rendered":"FICHE ENTREPRISE"},"content":{"rendered":"<p>[et_pb_section fb_built=&#8221;1&#8243; _builder_version=&#8221;4.24.3&#8243; _module_preset=&#8221;default&#8221; global_colors_info=&#8221;{}&#8221;][et_pb_row _builder_version=&#8221;4.24.3&#8243; _module_preset=&#8221;default&#8221; global_colors_info=&#8221;{}&#8221;][et_pb_column type=&#8221;4_4&#8243; _builder_version=&#8221;4.24.3&#8243; _module_preset=&#8221;default&#8221; global_colors_info=&#8221;{}&#8221;][et_pb_heading title=&#8221;FICHE PRATIQUE &#8211; ENTREPRISE&#8221; _builder_version=&#8221;4.24.3&#8243; _module_preset=&#8221;default&#8221; title_text_align=&#8221;center&#8221; global_colors_info=&#8221;{}&#8221;][\/et_pb_heading][\/et_pb_column][\/et_pb_row][et_pb_row _builder_version=&#8221;4.24.3&#8243; _module_preset=&#8221;default&#8221; global_colors_info=&#8221;{}&#8221;][et_pb_column type=&#8221;4_4&#8243; _builder_version=&#8221;4.24.3&#8243; _module_preset=&#8221;default&#8221; global_colors_info=&#8221;{}&#8221;][et_pb_heading title=&#8221;Pourquoi se faire assister par un avocat lors de la cr\u00e9ation de son entreprise ?&#8221; _builder_version=&#8221;4.24.3&#8243; _module_preset=&#8221;default&#8221; title_level=&#8221;h2&#8243; global_colors_info=&#8221;{}&#8221;][\/et_pb_heading][\/et_pb_column][\/et_pb_row][et_pb_row _builder_version=&#8221;4.24.3&#8243; _module_preset=&#8221;default&#8221; global_colors_info=&#8221;{}&#8221;][et_pb_column type=&#8221;4_4&#8243; _builder_version=&#8221;4.24.3&#8243; _module_preset=&#8221;default&#8221; global_colors_info=&#8221;{}&#8221;][et_pb_text _builder_version=&#8221;4.24.3&#8243; _module_preset=&#8221;default&#8221; global_colors_info=&#8221;{}&#8221;]<\/p>\n<p>Lors de la cr\u00e9ation de votre entreprise, vous serez confront\u00e9s \u00e0 de nombreuses formalit\u00e9s mais surtout \u00e0 de nombreux questionnements.<\/p>\n<p>Est-il int\u00e9ressant de cr\u00e9er une structure juridique pour exercer son activit\u00e9\u00a0? Quelle structure est la plus adapt\u00e9e ? Le patrimoine personnel est-il prot\u00e9g\u00e9\u00a0?<\/p>\n<p>Cette phase de cr\u00e9ation n\u2019est pas \u00e0 n\u00e9gliger.<\/p>\n<p>Certains chefs d\u2019entreprise font le choix, par \u00e9conomie, de ne pas se faire accompagner lors de la cr\u00e9ation de leur soci\u00e9t\u00e9.<\/p>\n<p>Or ce choix n\u2019est pas sans risque. Trop souvent, ces chefs d\u2019entreprise d\u00e9couvrent ainsi trop tard que leur patrimoine personnel n\u2019est pas prot\u00e9g\u00e9.<\/p>\n<p>Un avocat, en sa qualit\u00e9 de professionnel du droit, pourra r\u00e9pondre \u00e0 l\u2019ensemble de vos questions et vous guider vers une solution adapt\u00e9e \u00e0 votre activit\u00e9 et vos besoins.<\/p>\n<p>Ce dernier peut \u00e9galement vous mettre en contact avec des experts-comptables qui pourront vous accompagner et vous conseiller sur l\u2019aspect financier de votre projet.<\/p>\n<p>[\/et_pb_text][\/et_pb_column][\/et_pb_row][et_pb_row _builder_version=&#8221;4.24.3&#8243; _module_preset=&#8221;default&#8221; global_colors_info=&#8221;{}&#8221;][et_pb_column type=&#8221;4_4&#8243; _builder_version=&#8221;4.24.3&#8243; _module_preset=&#8221;default&#8221; global_colors_info=&#8221;{}&#8221;][et_pb_heading title=&#8221;Que faire en cas de factures impay\u00e9es ?&#8221; _builder_version=&#8221;4.24.3&#8243; _module_preset=&#8221;default&#8221; title_level=&#8221;h2&#8243; global_colors_info=&#8221;{}&#8221;][\/et_pb_heading][\/et_pb_column][\/et_pb_row][et_pb_row _builder_version=&#8221;4.24.3&#8243; _module_preset=&#8221;default&#8221; global_colors_info=&#8221;{}&#8221;][et_pb_column type=&#8221;4_4&#8243; _builder_version=&#8221;4.24.3&#8243; _module_preset=&#8221;default&#8221; global_colors_info=&#8221;{}&#8221;][et_pb_text _builder_version=&#8221;4.24.3&#8243; _module_preset=&#8221;default&#8221; global_colors_info=&#8221;{}&#8221;]<\/p>\n<p>Si vos clients n\u2019ont pas r\u00e9gl\u00e9 vos factures, il convient de leur adresser une mise en demeure de payer par lettre recommand\u00e9e avec accus\u00e9 de r\u00e9ception.<\/p>\n<p>Si malgr\u00e9 votre mise en demeure aucun paiement n\u2019est intervenu, la proc\u00e9dure d\u2019injonction de payer peut vous permettre d\u2019obtenir une d\u00e9cision rapidement.<\/p>\n<p>Cette proc\u00e9dure se d\u00e9roule de fa\u00e7on non<strong>\u00a0<\/strong>contradictoire\u00a0c\u2019est-\u00e0-dire sans que le juge ne convoque le d\u00e9biteur<strong>.\u00a0<\/strong>Si votre cr\u00e9ance est certaine, liquide et exigible, le d\u00e9biteur sera condamn\u00e9 \u00e0 vous payer. Ce dernier ne pourra contester la d\u00e9cision qu\u2019une fois celle-ci sera rendue. \u00a0<\/p>\n<p>[\/et_pb_text][\/et_pb_column][\/et_pb_row][et_pb_row _builder_version=&#8221;4.24.3&#8243; _module_preset=&#8221;default&#8221; global_colors_info=&#8221;{}&#8221;][et_pb_column type=&#8221;4_4&#8243; _builder_version=&#8221;4.24.3&#8243; _module_preset=&#8221;default&#8221; global_colors_info=&#8221;{}&#8221;][et_pb_heading title=&#8221;Mon entreprise est en difficult\u00e9 comment un avocat peut m\u2019aider ?&#8221; _builder_version=&#8221;4.24.3&#8243; _module_preset=&#8221;default&#8221; title_level=&#8221;h2&#8243; global_colors_info=&#8221;{}&#8221;][\/et_pb_heading][\/et_pb_column][\/et_pb_row][et_pb_row _builder_version=&#8221;4.24.3&#8243; _module_preset=&#8221;default&#8221; global_colors_info=&#8221;{}&#8221;][et_pb_column type=&#8221;4_4&#8243; _builder_version=&#8221;4.24.3&#8243; _module_preset=&#8221;default&#8221; global_colors_info=&#8221;{}&#8221;][et_pb_text _builder_version=&#8221;4.24.3&#8243; _module_preset=&#8221;default&#8221; global_colors_info=&#8221;{}&#8221;]<\/p>\n<p>Si votre entreprise \u00e9prouve des difficult\u00e9s \u00e0 payer certains cr\u00e9anciers, un avocat peut vous aider \u00e0 n\u00e9gocier un \u00e9ch\u00e9ancier en pr\u00e9sentant une proposition s\u00e9rieuse.<\/p>\n<p>M\u00eame si votre entreprise est assign\u00e9e en redressement judiciaire par l\u2019un de vos cr\u00e9anciers, il n\u2019est pas trop tard, un accord peut toujours \u00eatre n\u00e9goci\u00e9.<\/p>\n<p>[\/et_pb_text][\/et_pb_column][\/et_pb_row][\/et_pb_section][et_pb_section fb_built=&#8221;1&#8243; _builder_version=&#8221;4.24.3&#8243; _module_preset=&#8221;default&#8221; global_colors_info=&#8221;{}&#8221;][et_pb_row _builder_version=&#8221;4.24.3&#8243; _module_preset=&#8221;default&#8221; global_colors_info=&#8221;{}&#8221;][et_pb_column type=&#8221;4_4&#8243; _builder_version=&#8221;4.24.3&#8243; _module_preset=&#8221;default&#8221; global_colors_info=&#8221;{}&#8221;][et_pb_cta title=&#8221;Pour en savoir plus &#8211; contactez moi&#8221; button_url=&#8221;https:\/\/aubrylecomte.avocat.fr\/?page_id=20&#8243; button_text=&#8221;Cliquez-ici&#8221; _builder_version=&#8221;4.24.3&#8243; _module_preset=&#8221;default&#8221; background_color=&#8221;#B3B3B3&#8243; global_colors_info=&#8221;{}&#8221;]<\/p>\n<p>Je vous re\u00e7ois\u00a0 sur rendez-vous dans mon cabinet afin de r\u00e9pondre \u00e0 toutes vos questions<\/p>\n<p>[\/et_pb_cta][\/et_pb_column][\/et_pb_row][\/et_pb_section]<\/p>\n","protected":false},"excerpt":{"rendered":"<p>Lors de la cr\u00e9ation de votre entreprise, vous serez confront\u00e9s \u00e0 de nombreuses formalit\u00e9s mais surtout \u00e0 de nombreux questionnements. Est-il int\u00e9ressant de cr\u00e9er une structure juridique pour exercer son activit\u00e9\u00a0? Quelle structure est la plus adapt\u00e9e ? Le patrimoine personnel est-il prot\u00e9g\u00e9\u00a0? Cette phase de cr\u00e9ation n\u2019est pas \u00e0 n\u00e9gliger. Certains chefs d\u2019entreprise font [&hellip;]<\/p>\n","protected":false},"author":1,"featured_media":0,"parent":0,"menu_order":0,"comment_status":"closed","ping_status":"closed","template":"","meta":{"_et_pb_use_builder":"on","_et_pb_old_content":"","_et_gb_content_width":"","footnotes":""},"class_list":["post-170","page","type-page","status-publish","hentry"],"yoast_head":"<!-- This site is optimized with the Yoast SEO plugin v22.4 - https:\/\/yoast.com\/wordpress\/plugins\/seo\/ -->\n<title>FICHE ENTREPRISE - Aubry Le Comte Avocat<\/title>\n<meta name=\"description\" content=\"Cr\u00e9ation d&#039;entreprise, facture impay\u00e9e, n\u00e9gociation d&#039;\u00e9ch\u00e9ancier fournisseur, d\u00e9couvrez notre fiche pratique\" \/>\n<meta name=\"robots\" content=\"index, follow, max-snippet:-1, max-image-preview:large, max-video-preview:-1\" \/>\n<link rel=\"canonical\" href=\"https:\/\/aubrylecomte.avocat.fr\/?page_id=170\" \/>\n<meta property=\"og:locale\" content=\"en_US\" \/>\n<meta property=\"og:type\" content=\"article\" \/>\n<meta property=\"og:title\" content=\"FICHE ENTREPRISE - Aubry Le Comte Avocat\" \/>\n<meta property=\"og:description\" content=\"Cr\u00e9ation d&#039;entreprise, facture impay\u00e9e, n\u00e9gociation d&#039;\u00e9ch\u00e9ancier fournisseur, d\u00e9couvrez notre fiche pratique\" \/>\n<meta property=\"og:url\" content=\"https:\/\/aubrylecomte.avocat.fr\/?page_id=170\" \/>\n<meta property=\"og:site_name\" content=\"Aubry Le Comte Avocat\" \/>\n<meta property=\"article:modified_time\" content=\"2025-08-07T07:33:25+00:00\" \/>\n<meta name=\"twitter:card\" content=\"summary_large_image\" \/>\n<script type=\"application\/ld+json\" class=\"yoast-schema-graph\">{\"@context\":\"https:\/\/schema.org\",\"@graph\":[{\"@type\":\"WebPage\",\"@id\":\"https:\/\/aubrylecomte.avocat.fr\/?page_id=170\",\"url\":\"https:\/\/aubrylecomte.avocat.fr\/?page_id=170\",\"name\":\"FICHE ENTREPRISE - Aubry Le Comte Avocat\",\"isPartOf\":{\"@id\":\"https:\/\/aubrylecomte.avocat.fr\/#website\"},\"datePublished\":\"2025-04-21T14:14:16+00:00\",\"dateModified\":\"2025-08-07T07:33:25+00:00\",\"description\":\"Cr\u00e9ation d'entreprise, facture impay\u00e9e, n\u00e9gociation d'\u00e9ch\u00e9ancier fournisseur, d\u00e9couvrez notre fiche pratique\",\"breadcrumb\":{\"@id\":\"https:\/\/aubrylecomte.avocat.fr\/?page_id=170#breadcrumb\"},\"inLanguage\":\"en-US\",\"potentialAction\":[{\"@type\":\"ReadAction\",\"target\":[\"https:\/\/aubrylecomte.avocat.fr\/?page_id=170\"]}]},{\"@type\":\"BreadcrumbList\",\"@id\":\"https:\/\/aubrylecomte.avocat.fr\/?page_id=170#breadcrumb\",\"itemListElement\":[{\"@type\":\"ListItem\",\"position\":1,\"name\":\"Accueil\",\"item\":\"https:\/\/aubrylecomte.avocat.fr\/\"},{\"@type\":\"ListItem\",\"position\":2,\"name\":\"FICHE ENTREPRISE\"}]},{\"@type\":\"WebSite\",\"@id\":\"https:\/\/aubrylecomte.avocat.fr\/#website\",\"url\":\"https:\/\/aubrylecomte.avocat.fr\/\",\"name\":\"Aubry Le Comte Avocat\",\"description\":\"Un avocat \u00e0 votre service\",\"potentialAction\":[{\"@type\":\"SearchAction\",\"target\":{\"@type\":\"EntryPoint\",\"urlTemplate\":\"https:\/\/aubrylecomte.avocat.fr\/?s={search_term_string}\"},\"query-input\":\"required name=search_term_string\"}],\"inLanguage\":\"en-US\"}]}<\/script>\n<!-- \/ Yoast SEO plugin. -->","yoast_head_json":{"title":"FICHE ENTREPRISE - Aubry Le Comte Avocat","description":"Cr\u00e9ation d'entreprise, facture impay\u00e9e, n\u00e9gociation d'\u00e9ch\u00e9ancier fournisseur, d\u00e9couvrez notre fiche pratique","robots":{"index":"index","follow":"follow","max-snippet":"max-snippet:-1","max-image-preview":"max-image-preview:large","max-video-preview":"max-video-preview:-1"},"canonical":"https:\/\/aubrylecomte.avocat.fr\/?page_id=170","og_locale":"en_US","og_type":"article","og_title":"FICHE ENTREPRISE - Aubry Le Comte Avocat","og_description":"Cr\u00e9ation d'entreprise, facture impay\u00e9e, n\u00e9gociation d'\u00e9ch\u00e9ancier fournisseur, d\u00e9couvrez notre fiche pratique","og_url":"https:\/\/aubrylecomte.avocat.fr\/?page_id=170","og_site_name":"Aubry Le Comte Avocat","article_modified_time":"2025-08-07T07:33:25+00:00","twitter_card":"summary_large_image","schema":{"@context":"https:\/\/schema.org","@graph":[{"@type":"WebPage","@id":"https:\/\/aubrylecomte.avocat.fr\/?page_id=170","url":"https:\/\/aubrylecomte.avocat.fr\/?page_id=170","name":"FICHE ENTREPRISE - Aubry Le Comte Avocat","isPartOf":{"@id":"https:\/\/aubrylecomte.avocat.fr\/#website"},"datePublished":"2025-04-21T14:14:16+00:00","dateModified":"2025-08-07T07:33:25+00:00","description":"Cr\u00e9ation d'entreprise, facture impay\u00e9e, n\u00e9gociation d'\u00e9ch\u00e9ancier fournisseur, d\u00e9couvrez notre fiche pratique","breadcrumb":{"@id":"https:\/\/aubrylecomte.avocat.fr\/?page_id=170#breadcrumb"},"inLanguage":"en-US","potentialAction":[{"@type":"ReadAction","target":["https:\/\/aubrylecomte.avocat.fr\/?page_id=170"]}]},{"@type":"BreadcrumbList","@id":"https:\/\/aubrylecomte.avocat.fr\/?page_id=170#breadcrumb","itemListElement":[{"@type":"ListItem","position":1,"name":"Accueil","item":"https:\/\/aubrylecomte.avocat.fr\/"},{"@type":"ListItem","position":2,"name":"FICHE ENTREPRISE"}]},{"@type":"WebSite","@id":"https:\/\/aubrylecomte.avocat.fr\/#website","url":"https:\/\/aubrylecomte.avocat.fr\/","name":"Aubry Le Comte Avocat","description":"Un avocat \u00e0 votre service","potentialAction":[{"@type":"SearchAction","target":{"@type":"EntryPoint","urlTemplate":"https:\/\/aubrylecomte.avocat.fr\/?s={search_term_string}"},"query-input":"required name=search_term_string"}],"inLanguage":"en-US"}]}},"_links":{"self":[{"href":"https:\/\/aubrylecomte.avocat.fr\/index.php?rest_route=\/wp\/v2\/pages\/170","targetHints":{"allow":["GET"]}}],"collection":[{"href":"https:\/\/aubrylecomte.avocat.fr\/index.php?rest_route=\/wp\/v2\/pages"}],"about":[{"href":"https:\/\/aubrylecomte.avocat.fr\/index.php?rest_route=\/wp\/v2\/types\/page"}],"author":[{"embeddable":true,"href":"https:\/\/aubrylecomte.avocat.fr\/index.php?rest_route=\/wp\/v2\/users\/1"}],"replies":[{"embeddable":true,"href":"https:\/\/aubrylecomte.avocat.fr\/index.php?rest_route=%2Fwp%2Fv2%2Fcomments&post=170"}],"version-history":[{"count":4,"href":"https:\/\/aubrylecomte.avocat.fr\/index.php?rest_route=\/wp\/v2\/pages\/170\/revisions"}],"predecessor-version":[{"id":185,"href":"https:\/\/aubrylecomte.avocat.fr\/index.php?rest_route=\/wp\/v2\/pages\/170\/revisions\/185"}],"wp:attachment":[{"href":"https:\/\/aubrylecomte.avocat.fr\/index.php?rest_route=%2Fwp%2Fv2%2Fmedia&parent=170"}],"curies":[{"name":"wp","href":"https:\/\/api.w.org\/{rel}","templated":true}]}}