{"id":158,"date":"2025-04-21T15:58:01","date_gmt":"2025-04-21T13:58:01","guid":{"rendered":"https:\/\/aubrylecomte.avocat.fr\/?page_id=158"},"modified":"2025-08-07T09:34:57","modified_gmt":"2025-08-07T07:34:57","slug":"fiche-famille","status":"publish","type":"page","link":"https:\/\/aubrylecomte.avocat.fr\/?page_id=158","title":{"rendered":"Fiche famille &amp; divorce"},"content":{"rendered":"<p>[et_pb_section fb_built=&#8221;1&#8243; _builder_version=&#8221;4.24.3&#8243; _module_preset=&#8221;default&#8221; global_colors_info=&#8221;{}&#8221;][et_pb_row _builder_version=&#8221;4.24.3&#8243; _module_preset=&#8221;default&#8221; global_colors_info=&#8221;{}&#8221;][et_pb_column type=&#8221;4_4&#8243; _builder_version=&#8221;4.24.3&#8243; _module_preset=&#8221;default&#8221; global_colors_info=&#8221;{}&#8221;][et_pb_heading title=&#8221;FICHE PRATIQUE &#8211; FAMILLE et DIVORCE&#8221; _builder_version=&#8221;4.24.3&#8243; _module_preset=&#8221;default&#8221; title_text_align=&#8221;center&#8221; module_alignment=&#8221;center&#8221; global_colors_info=&#8221;{}&#8221;][\/et_pb_heading][\/et_pb_column][\/et_pb_row][et_pb_row _builder_version=&#8221;4.24.3&#8243; _module_preset=&#8221;default&#8221; global_colors_info=&#8221;{}&#8221;][et_pb_column type=&#8221;4_4&#8243; _builder_version=&#8221;4.24.3&#8243; _module_preset=&#8221;default&#8221; global_colors_info=&#8221;{}&#8221;][et_pb_heading title=&#8221;Est-il obligatoire d\u2019avoir un avocat pour saisir le Juge aux affaires familiales ?&#8221; _builder_version=&#8221;4.24.3&#8243; _module_preset=&#8221;default&#8221; title_level=&#8221;h2&#8243; global_colors_info=&#8221;{}&#8221;][\/et_pb_heading][\/et_pb_column][\/et_pb_row][et_pb_row _builder_version=&#8221;4.24.3&#8243; _module_preset=&#8221;default&#8221; global_colors_info=&#8221;{}&#8221;][et_pb_column type=&#8221;4_4&#8243; _builder_version=&#8221;4.24.3&#8243; _module_preset=&#8221;default&#8221; global_colors_info=&#8221;{}&#8221;][et_pb_text _builder_version=&#8221;4.24.3&#8243; _module_preset=&#8221;default&#8221; global_colors_info=&#8221;{}&#8221;]<\/p>\n<p>La repr\u00e9sentation par avocat n\u2019est pas toujours obligatoire, cela d\u00e9pend du type de proc\u00e9dure.<\/p>\n<p>Pour une proc\u00e9dure de divorce, les parties doivent obligatoirement \u00eatre repr\u00e9sent\u00e9es par un avocat.\u00a0<\/p>\n<p>[\/et_pb_text][\/et_pb_column][\/et_pb_row][et_pb_row _builder_version=&#8221;4.24.3&#8243; _module_preset=&#8221;default&#8221; global_colors_info=&#8221;{}&#8221;][et_pb_column type=&#8221;4_4&#8243; _builder_version=&#8221;4.24.3&#8243; _module_preset=&#8221;default&#8221; global_colors_info=&#8221;{}&#8221;][et_pb_heading title=&#8221;En cas de s\u00e9paration qui d\u00e9cide du lieu d\u2019habitation des enfants ? &#8221; _builder_version=&#8221;4.24.3&#8243; _module_preset=&#8221;default&#8221; title_level=&#8221;h2&#8243; global_colors_info=&#8221;{}&#8221;][\/et_pb_heading][\/et_pb_column][\/et_pb_row][et_pb_row _builder_version=&#8221;4.24.3&#8243; _module_preset=&#8221;default&#8221; global_colors_info=&#8221;{}&#8221;][et_pb_column type=&#8221;4_4&#8243; _builder_version=&#8221;4.24.3&#8243; _module_preset=&#8221;default&#8221; global_colors_info=&#8221;{}&#8221;][et_pb_text _builder_version=&#8221;4.24.3&#8243; _module_preset=&#8221;default&#8221; global_colors_info=&#8221;{}&#8221;]<\/p>\n<p>De mani\u00e8re g\u00e9n\u00e9rale, il appartient aux parents, mari\u00e9s ou non, de d\u00e9cider d\u2019un commun accord des modalit\u00e9s de r\u00e9sidence des enfants en cas de s\u00e9paration.<\/p>\n<p>Si les parents n\u2019arrivent pas \u00e0 trouver un accord, il appartiendra au Juge aux affaires familiales de trancher le diff\u00e9rend.<\/p>\n<p>[\/et_pb_text][\/et_pb_column][\/et_pb_row][et_pb_row _builder_version=&#8221;4.24.3&#8243; _module_preset=&#8221;default&#8221; global_colors_info=&#8221;{}&#8221;][et_pb_column type=&#8221;4_4&#8243; _builder_version=&#8221;4.24.3&#8243; _module_preset=&#8221;default&#8221; global_colors_info=&#8221;{}&#8221;][et_pb_heading title=&#8221;Est-ce que je peux obtenir le divorce si mon conjoint le refuse ? &#8221; _builder_version=&#8221;4.24.3&#8243; _module_preset=&#8221;default&#8221; title_level=&#8221;h2&#8243; global_colors_info=&#8221;{}&#8221;][\/et_pb_heading][\/et_pb_column][\/et_pb_row][et_pb_row _builder_version=&#8221;4.24.3&#8243; _module_preset=&#8221;default&#8221; global_colors_info=&#8221;{}&#8221;][et_pb_column type=&#8221;4_4&#8243; _builder_version=&#8221;4.24.3&#8243; _module_preset=&#8221;default&#8221; global_colors_info=&#8221;{}&#8221;][et_pb_text _builder_version=&#8221;4.24.3&#8243; _module_preset=&#8221;default&#8221; global_colors_info=&#8221;{}&#8221;]<\/p>\n<p>Oui, vous pouvez parfaitement obtenir le divorce m\u00eame si votre conjoint le refuse.<\/p>\n<p>[\/et_pb_text][\/et_pb_column][\/et_pb_row][et_pb_row _builder_version=&#8221;4.24.3&#8243; _module_preset=&#8221;default&#8221; global_colors_info=&#8221;{}&#8221;][et_pb_column type=&#8221;4_4&#8243; _builder_version=&#8221;4.24.3&#8243; _module_preset=&#8221;default&#8221; global_colors_info=&#8221;{}&#8221;][et_pb_heading title=&#8221;J\u2019ai saisi le Juge aux affaires familiales mais mon ex-compagnon\/ conjoint ne veut pas venir \u00e0 l\u2019audience, mon dossier sera-t-il trait\u00e9 ?&#8221; _builder_version=&#8221;4.24.3&#8243; _module_preset=&#8221;default&#8221; title_level=&#8221;h2&#8243; global_colors_info=&#8221;{}&#8221;][\/et_pb_heading][\/et_pb_column][\/et_pb_row][et_pb_row _builder_version=&#8221;4.24.3&#8243; _module_preset=&#8221;default&#8221; global_colors_info=&#8221;{}&#8221;][et_pb_column type=&#8221;4_4&#8243; _builder_version=&#8221;4.24.3&#8243; _module_preset=&#8221;default&#8221; global_colors_info=&#8221;{}&#8221;][et_pb_text _builder_version=&#8221;4.24.3&#8243; _module_preset=&#8221;default&#8221; global_colors_info=&#8221;{}&#8221;]<\/p>\n<p>Oui votre dossier sera examin\u00e9 par le Juge aux affaires familiales m\u00eame en l\u2019absence de d\u00e9fendeur si celui-ci a \u00e9t\u00e9 r\u00e9guli\u00e8rement convoqu\u00e9 \u00e0 l\u2019audience.<\/p>\n<p>Le Juge statuera sur les \u00e9l\u00e9ments que vous aurez fourni.<\/p>\n<p>[\/et_pb_text][\/et_pb_column][\/et_pb_row][et_pb_row _builder_version=&#8221;4.24.3&#8243; _module_preset=&#8221;default&#8221; global_colors_info=&#8221;{}&#8221;][et_pb_column type=&#8221;4_4&#8243; _builder_version=&#8221;4.24.3&#8243; _module_preset=&#8221;default&#8221; global_colors_info=&#8221;{}&#8221;][et_pb_heading title=&#8221;L\u2019autre parent peut-il prendre, seul, des d\u00e9cisions relatives \u00e0 mon enfant ?&#8221; _builder_version=&#8221;4.24.3&#8243; _module_preset=&#8221;default&#8221; title_level=&#8221;h2&#8243; global_colors_info=&#8221;{}&#8221;][\/et_pb_heading][\/et_pb_column][\/et_pb_row][et_pb_row _builder_version=&#8221;4.24.3&#8243; _module_preset=&#8221;default&#8221; global_colors_info=&#8221;{}&#8221;][et_pb_column type=&#8221;4_4&#8243; _builder_version=&#8221;4.24.3&#8243; _module_preset=&#8221;default&#8221; global_colors_info=&#8221;{}&#8221;][et_pb_text _builder_version=&#8221;4.24.3&#8243; _module_preset=&#8221;default&#8221; global_colors_info=&#8221;{}&#8221;]<\/p>\n<p>Sauf \u00e0 ce qu\u2019une d\u00e9cision de justice en ait d\u00e9cid\u00e9 autrement, l\u2019autorit\u00e9 parentale sur les enfants est exerc\u00e9e conjointement par les parents, ce qui implique qu\u2019ils doivent s\u2019informer r\u00e9ciproquement et prendre les d\u00e9cisions importantes ensemble (orientation scolaire, sorties du territoire nationale, religion, sant\u00e9, les autorisations de pratiquer un sport dangereux etc.\u2026)<\/p>\n<p>[\/et_pb_text][\/et_pb_column][\/et_pb_row][et_pb_row _builder_version=&#8221;4.24.3&#8243; _module_preset=&#8221;default&#8221; global_colors_info=&#8221;{}&#8221;][et_pb_column type=&#8221;4_4&#8243; _builder_version=&#8221;4.24.3&#8243; _module_preset=&#8221;default&#8221; global_colors_info=&#8221;{}&#8221;][et_pb_heading title=&#8221;Un parent qui souhaite d\u00e9m\u00e9nager peut-il prendre le ou les enfant(s) avec lui sans l\u2019accord de l\u2019autre parent ? &#8221; _builder_version=&#8221;4.24.3&#8243; _module_preset=&#8221;default&#8221; title_level=&#8221;h2&#8243; global_colors_info=&#8221;{}&#8221;][\/et_pb_heading][\/et_pb_column][\/et_pb_row][et_pb_row _builder_version=&#8221;4.24.3&#8243; _module_preset=&#8221;default&#8221; global_colors_info=&#8221;{}&#8221;][et_pb_column type=&#8221;4_4&#8243; _builder_version=&#8221;4.24.3&#8243; _module_preset=&#8221;default&#8221; global_colors_info=&#8221;{}&#8221;][et_pb_text _builder_version=&#8221;4.24.3&#8243; _module_preset=&#8221;default&#8221; global_colors_info=&#8221;{}&#8221;]<\/p>\n<p>Non, d\u00e8s lors que le d\u00e9m\u00e9nagement modifie les modalit\u00e9s d\u2019exercice de l\u2019autorit\u00e9 parentale et notamment les modalit\u00e9s d\u2019accueil du ou des enfant(s) au domicile de l\u2019autre parent.<\/p>\n<p>En cas de d\u00e9saccord, il appartiendra au Juge aux affaires familiales de trancher eu \u00e9gard \u00e0 l\u2019int\u00e9r\u00eat du ou des enfant(s).<\/p>\n<p>[\/et_pb_text][\/et_pb_column][\/et_pb_row][\/et_pb_section][et_pb_section fb_built=&#8221;1&#8243; _builder_version=&#8221;4.24.3&#8243; _module_preset=&#8221;default&#8221; global_colors_info=&#8221;{}&#8221;][et_pb_row _builder_version=&#8221;4.24.3&#8243; _module_preset=&#8221;default&#8221; global_colors_info=&#8221;{}&#8221;][et_pb_column type=&#8221;4_4&#8243; _builder_version=&#8221;4.24.3&#8243; _module_preset=&#8221;default&#8221; global_colors_info=&#8221;{}&#8221;][et_pb_cta title=&#8221;Pour en savoir plus &#8211; contactez moi&#8221; button_url=&#8221;https:\/\/aubrylecomte.avocat.fr\/?page_id=20&#8243; button_text=&#8221;Cliquez-ici&#8221; _builder_version=&#8221;4.24.3&#8243; _module_preset=&#8221;default&#8221; background_color=&#8221;#B3B3B3&#8243; global_colors_info=&#8221;{}&#8221;]<\/p>\n<p>Je vous re\u00e7ois\u00a0 sur rendez-vous dans mon cabinet afin de r\u00e9pondre \u00e0 toutes vos questions<\/p>\n<p>[\/et_pb_cta][\/et_pb_column][\/et_pb_row][\/et_pb_section]<\/p>\n","protected":false},"excerpt":{"rendered":"<p>La repr\u00e9sentation par avocat n\u2019est pas toujours obligatoire, cela d\u00e9pend du type de proc\u00e9dure. Pour une proc\u00e9dure de divorce, les parties doivent obligatoirement \u00eatre repr\u00e9sent\u00e9es par un avocat.\u00a0De mani\u00e8re g\u00e9n\u00e9rale, il appartient aux parents, mari\u00e9s ou non, de d\u00e9cider d\u2019un commun accord des modalit\u00e9s de r\u00e9sidence des enfants en cas de s\u00e9paration. Si les parents [&hellip;]<\/p>\n","protected":false},"author":1,"featured_media":0,"parent":0,"menu_order":0,"comment_status":"closed","ping_status":"closed","template":"","meta":{"_et_pb_use_builder":"on","_et_pb_old_content":"","_et_gb_content_width":"","footnotes":""},"class_list":["post-158","page","type-page","status-publish","hentry"],"yoast_head":"<!-- This site is optimized with the Yoast SEO plugin v22.4 - https:\/\/yoast.com\/wordpress\/plugins\/seo\/ -->\n<title>Fiche famille &amp; divorce - Aubry Le Comte Avocat<\/title>\n<meta name=\"description\" content=\"D\u00e9couvrez une fiche pratique qui vous donnera de nombreuses informations sur les proc\u00e9dures familiales et sur les divorces.\" \/>\n<meta name=\"robots\" content=\"index, follow, max-snippet:-1, max-image-preview:large, max-video-preview:-1\" \/>\n<link rel=\"canonical\" href=\"https:\/\/aubrylecomte.avocat.fr\/?page_id=158\" \/>\n<meta property=\"og:locale\" content=\"en_US\" \/>\n<meta property=\"og:type\" content=\"article\" \/>\n<meta property=\"og:title\" content=\"Fiche famille &amp; divorce - Aubry Le Comte Avocat\" \/>\n<meta property=\"og:description\" content=\"D\u00e9couvrez une fiche pratique qui vous donnera de nombreuses informations sur les proc\u00e9dures familiales et sur les divorces.\" \/>\n<meta property=\"og:url\" content=\"https:\/\/aubrylecomte.avocat.fr\/?page_id=158\" \/>\n<meta property=\"og:site_name\" content=\"Aubry Le Comte Avocat\" \/>\n<meta property=\"article:modified_time\" content=\"2025-08-07T07:34:57+00:00\" \/>\n<meta name=\"twitter:card\" content=\"summary_large_image\" \/>\n<meta name=\"twitter:label1\" content=\"Est. reading time\" \/>\n\t<meta name=\"twitter:data1\" content=\"2 minutes\" \/>\n<script type=\"application\/ld+json\" class=\"yoast-schema-graph\">{\"@context\":\"https:\/\/schema.org\",\"@graph\":[{\"@type\":\"WebPage\",\"@id\":\"https:\/\/aubrylecomte.avocat.fr\/?page_id=158\",\"url\":\"https:\/\/aubrylecomte.avocat.fr\/?page_id=158\",\"name\":\"Fiche famille &amp; divorce - Aubry Le Comte Avocat\",\"isPartOf\":{\"@id\":\"https:\/\/aubrylecomte.avocat.fr\/#website\"},\"datePublished\":\"2025-04-21T13:58:01+00:00\",\"dateModified\":\"2025-08-07T07:34:57+00:00\",\"description\":\"D\u00e9couvrez une fiche pratique qui vous donnera de nombreuses informations sur les proc\u00e9dures familiales et sur les divorces.\",\"breadcrumb\":{\"@id\":\"https:\/\/aubrylecomte.avocat.fr\/?page_id=158#breadcrumb\"},\"inLanguage\":\"en-US\",\"potentialAction\":[{\"@type\":\"ReadAction\",\"target\":[\"https:\/\/aubrylecomte.avocat.fr\/?page_id=158\"]}]},{\"@type\":\"BreadcrumbList\",\"@id\":\"https:\/\/aubrylecomte.avocat.fr\/?page_id=158#breadcrumb\",\"itemListElement\":[{\"@type\":\"ListItem\",\"position\":1,\"name\":\"Accueil\",\"item\":\"https:\/\/aubrylecomte.avocat.fr\/\"},{\"@type\":\"ListItem\",\"position\":2,\"name\":\"Fiche famille &amp; divorce\"}]},{\"@type\":\"WebSite\",\"@id\":\"https:\/\/aubrylecomte.avocat.fr\/#website\",\"url\":\"https:\/\/aubrylecomte.avocat.fr\/\",\"name\":\"Aubry Le Comte Avocat\",\"description\":\"Un avocat \u00e0 votre service\",\"potentialAction\":[{\"@type\":\"SearchAction\",\"target\":{\"@type\":\"EntryPoint\",\"urlTemplate\":\"https:\/\/aubrylecomte.avocat.fr\/?s={search_term_string}\"},\"query-input\":\"required name=search_term_string\"}],\"inLanguage\":\"en-US\"}]}<\/script>\n<!-- \/ Yoast SEO plugin. -->","yoast_head_json":{"title":"Fiche famille &amp; divorce - Aubry Le Comte Avocat","description":"D\u00e9couvrez une fiche pratique qui vous donnera de nombreuses informations sur les proc\u00e9dures familiales et sur les divorces.","robots":{"index":"index","follow":"follow","max-snippet":"max-snippet:-1","max-image-preview":"max-image-preview:large","max-video-preview":"max-video-preview:-1"},"canonical":"https:\/\/aubrylecomte.avocat.fr\/?page_id=158","og_locale":"en_US","og_type":"article","og_title":"Fiche famille &amp; divorce - Aubry Le Comte Avocat","og_description":"D\u00e9couvrez une fiche pratique qui vous donnera de nombreuses informations sur les proc\u00e9dures familiales et sur les divorces.","og_url":"https:\/\/aubrylecomte.avocat.fr\/?page_id=158","og_site_name":"Aubry Le Comte Avocat","article_modified_time":"2025-08-07T07:34:57+00:00","twitter_card":"summary_large_image","twitter_misc":{"Est. reading time":"2 minutes"},"schema":{"@context":"https:\/\/schema.org","@graph":[{"@type":"WebPage","@id":"https:\/\/aubrylecomte.avocat.fr\/?page_id=158","url":"https:\/\/aubrylecomte.avocat.fr\/?page_id=158","name":"Fiche famille &amp; divorce - Aubry Le Comte Avocat","isPartOf":{"@id":"https:\/\/aubrylecomte.avocat.fr\/#website"},"datePublished":"2025-04-21T13:58:01+00:00","dateModified":"2025-08-07T07:34:57+00:00","description":"D\u00e9couvrez une fiche pratique qui vous donnera de nombreuses informations sur les proc\u00e9dures familiales et sur les divorces.","breadcrumb":{"@id":"https:\/\/aubrylecomte.avocat.fr\/?page_id=158#breadcrumb"},"inLanguage":"en-US","potentialAction":[{"@type":"ReadAction","target":["https:\/\/aubrylecomte.avocat.fr\/?page_id=158"]}]},{"@type":"BreadcrumbList","@id":"https:\/\/aubrylecomte.avocat.fr\/?page_id=158#breadcrumb","itemListElement":[{"@type":"ListItem","position":1,"name":"Accueil","item":"https:\/\/aubrylecomte.avocat.fr\/"},{"@type":"ListItem","position":2,"name":"Fiche famille &amp; divorce"}]},{"@type":"WebSite","@id":"https:\/\/aubrylecomte.avocat.fr\/#website","url":"https:\/\/aubrylecomte.avocat.fr\/","name":"Aubry Le Comte Avocat","description":"Un avocat \u00e0 votre service","potentialAction":[{"@type":"SearchAction","target":{"@type":"EntryPoint","urlTemplate":"https:\/\/aubrylecomte.avocat.fr\/?s={search_term_string}"},"query-input":"required name=search_term_string"}],"inLanguage":"en-US"}]}},"_links":{"self":[{"href":"https:\/\/aubrylecomte.avocat.fr\/index.php?rest_route=\/wp\/v2\/pages\/158","targetHints":{"allow":["GET"]}}],"collection":[{"href":"https:\/\/aubrylecomte.avocat.fr\/index.php?rest_route=\/wp\/v2\/pages"}],"about":[{"href":"https:\/\/aubrylecomte.avocat.fr\/index.php?rest_route=\/wp\/v2\/types\/page"}],"author":[{"embeddable":true,"href":"https:\/\/aubrylecomte.avocat.fr\/index.php?rest_route=\/wp\/v2\/users\/1"}],"replies":[{"embeddable":true,"href":"https:\/\/aubrylecomte.avocat.fr\/index.php?rest_route=%2Fwp%2Fv2%2Fcomments&post=158"}],"version-history":[{"count":7,"href":"https:\/\/aubrylecomte.avocat.fr\/index.php?rest_route=\/wp\/v2\/pages\/158\/revisions"}],"predecessor-version":[{"id":189,"href":"https:\/\/aubrylecomte.avocat.fr\/index.php?rest_route=\/wp\/v2\/pages\/158\/revisions\/189"}],"wp:attachment":[{"href":"https:\/\/aubrylecomte.avocat.fr\/index.php?rest_route=%2Fwp%2Fv2%2Fmedia&parent=158"}],"curies":[{"name":"wp","href":"https:\/\/api.w.org\/{rel}","templated":true}]}}