{"id":144,"date":"2025-04-21T15:36:44","date_gmt":"2025-04-21T13:36:44","guid":{"rendered":"https:\/\/aubrylecomte.avocat.fr\/?page_id=144"},"modified":"2025-08-07T09:34:06","modified_gmt":"2025-08-07T07:34:06","slug":"fiche_medicale","status":"publish","type":"page","link":"https:\/\/aubrylecomte.avocat.fr\/?page_id=144","title":{"rendered":"FICHE RESPONSABILITE MEDICALE"},"content":{"rendered":"<p>[et_pb_section fb_built=&#8221;1&#8243; _builder_version=&#8221;4.24.3&#8243; _module_preset=&#8221;default&#8221; global_colors_info=&#8221;{}&#8221;][et_pb_row _builder_version=&#8221;4.24.3&#8243; _module_preset=&#8221;default&#8221; global_colors_info=&#8221;{}&#8221;][et_pb_column type=&#8221;4_4&#8243; _builder_version=&#8221;4.24.3&#8243; _module_preset=&#8221;default&#8221; global_colors_info=&#8221;{}&#8221;][et_pb_heading title=&#8221;FICHE RESPONSABILITE MEDICALE&#8221; _builder_version=&#8221;4.24.3&#8243; _module_preset=&#8221;default&#8221; title_text_align=&#8221;center&#8221; module_alignment=&#8221;center&#8221; global_colors_info=&#8221;{}&#8221;][\/et_pb_heading][\/et_pb_column][\/et_pb_row][et_pb_row _builder_version=&#8221;4.24.3&#8243; _module_preset=&#8221;default&#8221; global_colors_info=&#8221;{}&#8221;][et_pb_column type=&#8221;4_4&#8243; _builder_version=&#8221;4.24.3&#8243; _module_preset=&#8221;default&#8221; global_colors_info=&#8221;{}&#8221;][et_pb_heading title=&#8221;Victime d\u2019une erreur m\u00e9dicale ou d\u2019une infection nosocomiale, que dois-je faire ?&#8221; _builder_version=&#8221;4.24.3&#8243; _module_preset=&#8221;default&#8221; title_level=&#8221;h2&#8243; global_colors_info=&#8221;{}&#8221;][\/et_pb_heading][\/et_pb_column][\/et_pb_row][et_pb_row _builder_version=&#8221;4.24.3&#8243; _module_preset=&#8221;default&#8221; global_colors_info=&#8221;{}&#8221;][et_pb_column type=&#8221;4_4&#8243; _builder_version=&#8221;4.24.3&#8243; _module_preset=&#8221;default&#8221; global_colors_info=&#8221;{}&#8221;][et_pb_text _builder_version=&#8221;4.24.3&#8243; _module_preset=&#8221;default&#8221; global_colors_info=&#8221;{}&#8221;]<\/p>\n<p>Il convient en premier lieu de demander la copie de votre dossier m\u00e9dical au m\u00e9decin en charge des soins ou au centre hospitalier.<\/p>\n<p>Une fois que vous aurez r\u00e9ceptionn\u00e9 votre dossier, une expertise m\u00e9dicale pourra \u00eatre mise en place. Celle-ci est indispensable pour d\u00e9terminer les circonstances dans lesquelles les soins ont \u00e9t\u00e9 r\u00e9alis\u00e9s.<\/p>\n<p>[\/et_pb_text][\/et_pb_column][\/et_pb_row][et_pb_row _builder_version=&#8221;4.24.3&#8243; _module_preset=&#8221;default&#8221; global_colors_info=&#8221;{}&#8221;][et_pb_column type=&#8221;4_4&#8243; _builder_version=&#8221;4.24.3&#8243; _module_preset=&#8221;default&#8221; global_colors_info=&#8221;{}&#8221;][et_pb_heading title=&#8221;Erreur m\u00e9dicale, comment se d\u00e9roule l\u2019expertise ?&#8221; _builder_version=&#8221;4.24.3&#8243; _module_preset=&#8221;default&#8221; title_level=&#8221;h2&#8243; global_colors_info=&#8221;{}&#8221;][\/et_pb_heading][\/et_pb_column][\/et_pb_row][et_pb_row _builder_version=&#8221;4.24.3&#8243; _module_preset=&#8221;default&#8221; global_colors_info=&#8221;{}&#8221;][et_pb_column type=&#8221;4_4&#8243; _builder_version=&#8221;4.24.3&#8243; _module_preset=&#8221;default&#8221; global_colors_info=&#8221;{}&#8221;][et_pb_text _builder_version=&#8221;4.24.3&#8243; _module_preset=&#8221;default&#8221; global_colors_info=&#8221;{}&#8221;]<\/p>\n<p>Apr\u00e8s avoir r\u00e9uni les pi\u00e8ces de votre dossier m\u00e9dical, il convient de le transmettre \u00e0 l\u2019expert qui aura \u00e9t\u00e9 d\u00e9sign\u00e9.<\/p>\n<p>La victime peut \u00eatre accompagn\u00e9e \u00e0 l\u2019expertise par un m\u00e9decin-conseil et \/ ou son avocat.<\/p>\n<p>L\u2019avocat peut orienter la victime vers des m\u00e9decins de son r\u00e9seau.<\/p>\n<p>[\/et_pb_text][\/et_pb_column][\/et_pb_row][et_pb_row _builder_version=&#8221;4.24.3&#8243; _module_preset=&#8221;default&#8221; global_colors_info=&#8221;{}&#8221;][et_pb_column type=&#8221;4_4&#8243; _builder_version=&#8221;4.24.3&#8243; _module_preset=&#8221;default&#8221; global_colors_info=&#8221;{}&#8221;][et_pb_heading title=&#8221;Qui indemnise en cas d\u2019erreur m\u00e9dicale ? &#8221; _builder_version=&#8221;4.24.3&#8243; _module_preset=&#8221;default&#8221; title_level=&#8221;h2&#8243; global_colors_info=&#8221;{}&#8221;][\/et_pb_heading][\/et_pb_column][\/et_pb_row][et_pb_row _builder_version=&#8221;4.24.3&#8243; _module_preset=&#8221;default&#8221; global_colors_info=&#8221;{}&#8221;][et_pb_column type=&#8221;4_4&#8243; _builder_version=&#8221;4.24.3&#8243; _module_preset=&#8221;default&#8221; global_colors_info=&#8221;{}&#8221;][et_pb_text _builder_version=&#8221;4.24.3&#8243; _module_preset=&#8221;default&#8221; global_colors_info=&#8221;{}&#8221;]<\/p>\n<p>L\u2019indemnisation n\u2019est pas automatique.<\/p>\n<p>Les professionnels de sant\u00e9 ne sont responsables qu\u2019en cas de faute.<\/p>\n<p>Si vos pr\u00e9judices sont dus \u00e0 un al\u00e9a th\u00e9rapeutique et \u00e0 condition de remplir certains crit\u00e8res, \u00a0vous pouvez obtenir une indemnisation qui sera vers\u00e9e par l\u2019ONIAM.<\/p>\n<p>[\/et_pb_text][\/et_pb_column][\/et_pb_row][et_pb_row _builder_version=&#8221;4.24.3&#8243; _module_preset=&#8221;default&#8221; global_colors_info=&#8221;{}&#8221;][et_pb_column type=&#8221;4_4&#8243; _builder_version=&#8221;4.24.3&#8243; _module_preset=&#8221;default&#8221; global_colors_info=&#8221;{}&#8221;][et_pb_heading title=&#8221;Qui indemnise en cas d\u2019infection nosocomiale ? &#8221; _builder_version=&#8221;4.24.3&#8243; _module_preset=&#8221;default&#8221; global_colors_info=&#8221;{}&#8221;][\/et_pb_heading][\/et_pb_column][\/et_pb_row][et_pb_row _builder_version=&#8221;4.24.3&#8243; _module_preset=&#8221;default&#8221; global_colors_info=&#8221;{}&#8221;][et_pb_column type=&#8221;4_4&#8243; _builder_version=&#8221;4.24.3&#8243; _module_preset=&#8221;default&#8221; global_colors_info=&#8221;{}&#8221;][et_pb_text _builder_version=&#8221;4.24.3&#8243; _module_preset=&#8221;default&#8221; global_colors_info=&#8221;{}&#8221;]<\/p>\n<p>Les \u00e9tablissements, services et organismes dans lesquels sont r\u00e9alis\u00e9s des actes m\u00e9dicaux sont responsables de plein droit des dommages caus\u00e9s \u00e0 un patient par une infection nosocomiale et ne peuvent se lib\u00e9rer qu\u2019en invoquant une cause \u00e9trang\u00e8re.<\/p>\n<p>\u00a0L&#8217;\u00e9tablissement m\u00e9dical sera en charge de l\u2019indemnisation des dommages caus\u00e9s par une infection nosocomiale si le d\u00e9ficit fonctionnel permanent subi par la victime est inf\u00e9rieur \u00e0 25%.<\/p>\n<p>Au-del\u00e0 ou en cas de d\u00e9c\u00e8s, l&#8217;ONIAM versera une indemnit\u00e9 au titre de la solidarit\u00e9 nationale.<\/p>\n<p>[\/et_pb_text][\/et_pb_column][\/et_pb_row][et_pb_row _builder_version=&#8221;4.24.3&#8243; _module_preset=&#8221;default&#8221; global_colors_info=&#8221;{}&#8221;][et_pb_column type=&#8221;4_4&#8243; _builder_version=&#8221;4.24.3&#8243; _module_preset=&#8221;default&#8221; global_colors_info=&#8221;{}&#8221;][et_pb_heading title=&#8221;Quel pr\u00e9judice est indemnis\u00e9 ?&#8221; _builder_version=&#8221;4.24.3&#8243; _module_preset=&#8221;default&#8221; title_level=&#8221;h2&#8243; global_colors_info=&#8221;{}&#8221;][\/et_pb_heading][\/et_pb_column][\/et_pb_row][et_pb_row _builder_version=&#8221;4.24.3&#8243; _module_preset=&#8221;default&#8221; global_colors_info=&#8221;{}&#8221;][et_pb_column type=&#8221;4_4&#8243; _builder_version=&#8221;4.24.3&#8243; _module_preset=&#8221;default&#8221; global_colors_info=&#8221;{}&#8221;][et_pb_text _builder_version=&#8221;4.24.3&#8243; _module_preset=&#8221;default&#8221; global_colors_info=&#8221;{}&#8221;]<\/p>\n<p>Vous \u00eates indemnis\u00e9s de l\u2019ensemble de vos pr\u00e9judices.<\/p>\n<p>Ceux-ci peuvent \u00eatre physiques, moraux, professionnels, financiers\u2026<\/p>\n<p>L\u2019indemnisation recouvre \u00e9galement les frais d\u2019adaptation de votre logement et\/ou de votre v\u00e9hicule si des am\u00e9nagements sont n\u00e9cessaires compte tenu handicap.<\/p>\n<p>\u00c0 titre d\u2019exemple si votre handicap ne vous permet plus d\u2019utiliser les p\u00e9dales de votre v\u00e9hicule, il y aura lieu de demander notamment le remboursement du co\u00fbt\u00a0 aff\u00e9rent \u00e0 la mise en place des commandes au volant.<\/p>\n<p>[\/et_pb_text][\/et_pb_column][\/et_pb_row][\/et_pb_section][et_pb_section fb_built=&#8221;1&#8243; _builder_version=&#8221;4.24.3&#8243; _module_preset=&#8221;default&#8221; global_colors_info=&#8221;{}&#8221;][et_pb_row _builder_version=&#8221;4.24.3&#8243; _module_preset=&#8221;default&#8221; global_colors_info=&#8221;{}&#8221;][et_pb_column type=&#8221;4_4&#8243; _builder_version=&#8221;4.24.3&#8243; _module_preset=&#8221;default&#8221; global_colors_info=&#8221;{}&#8221;][et_pb_cta title=&#8221;Pour en savoir plus &#8211; contactez moi&#8221; button_url=&#8221;https:\/\/aubrylecomte.avocat.fr\/?page_id=20&#8243; button_text=&#8221;Cliquez-ici&#8221; _builder_version=&#8221;4.24.3&#8243; _module_preset=&#8221;default&#8221; background_color=&#8221;#B3B3B3&#8243; custom_button=&#8221;on&#8221; button_bg_color=&#8221;#ddccb8&#8243; button_border_radius=&#8221;40px&#8221; global_colors_info=&#8221;{}&#8221;]<\/p>\n<p>Je vous re\u00e7ois\u00a0 sur rendez-vous dans mon cabinet afin de r\u00e9pondre \u00e0 toutes vos questions<\/p>\n<p>[\/et_pb_cta][\/et_pb_column][\/et_pb_row][\/et_pb_section]<\/p>\n","protected":false},"excerpt":{"rendered":"<p>Il convient en premier lieu de demander la copie de votre dossier m\u00e9dical au m\u00e9decin en charge des soins ou au centre hospitalier. Une fois que vous aurez r\u00e9ceptionn\u00e9 votre dossier, une expertise m\u00e9dicale pourra \u00eatre mise en place. Celle-ci est indispensable pour d\u00e9terminer les circonstances dans lesquelles les soins ont \u00e9t\u00e9 r\u00e9alis\u00e9s.Apr\u00e8s avoir r\u00e9uni [&hellip;]<\/p>\n","protected":false},"author":1,"featured_media":0,"parent":0,"menu_order":0,"comment_status":"closed","ping_status":"closed","template":"","meta":{"_et_pb_use_builder":"on","_et_pb_old_content":"","_et_gb_content_width":"","footnotes":""},"class_list":["post-144","page","type-page","status-publish","hentry"],"yoast_head":"<!-- This site is optimized with the Yoast SEO plugin v22.4 - https:\/\/yoast.com\/wordpress\/plugins\/seo\/ -->\n<title>FICHE RESPONSABILITE MEDICALE - Aubry Le Comte Avocat<\/title>\n<meta name=\"description\" content=\"Victime ou proche, d\u00e9couvrez les informations pour bien appr\u00e9hender les proc\u00e9dures juridiques en cas d&#039;erreur m\u00e9dicale ou nosocomiale.\" \/>\n<meta name=\"robots\" content=\"index, follow, max-snippet:-1, max-image-preview:large, max-video-preview:-1\" \/>\n<link rel=\"canonical\" href=\"https:\/\/aubrylecomte.avocat.fr\/?page_id=144\" \/>\n<meta property=\"og:locale\" content=\"en_US\" \/>\n<meta property=\"og:type\" content=\"article\" \/>\n<meta property=\"og:title\" content=\"FICHE RESPONSABILITE MEDICALE - Aubry Le Comte Avocat\" \/>\n<meta property=\"og:description\" content=\"Victime ou proche, d\u00e9couvrez les informations pour bien appr\u00e9hender les proc\u00e9dures juridiques en cas d&#039;erreur m\u00e9dicale ou nosocomiale.\" \/>\n<meta property=\"og:url\" content=\"https:\/\/aubrylecomte.avocat.fr\/?page_id=144\" \/>\n<meta property=\"og:site_name\" content=\"Aubry Le Comte Avocat\" \/>\n<meta property=\"article:modified_time\" content=\"2025-08-07T07:34:06+00:00\" \/>\n<meta name=\"twitter:card\" content=\"summary_large_image\" \/>\n<meta name=\"twitter:label1\" content=\"Est. reading time\" \/>\n\t<meta name=\"twitter:data1\" content=\"2 minutes\" \/>\n<script type=\"application\/ld+json\" class=\"yoast-schema-graph\">{\"@context\":\"https:\/\/schema.org\",\"@graph\":[{\"@type\":\"WebPage\",\"@id\":\"https:\/\/aubrylecomte.avocat.fr\/?page_id=144\",\"url\":\"https:\/\/aubrylecomte.avocat.fr\/?page_id=144\",\"name\":\"FICHE RESPONSABILITE MEDICALE - Aubry Le Comte Avocat\",\"isPartOf\":{\"@id\":\"https:\/\/aubrylecomte.avocat.fr\/#website\"},\"datePublished\":\"2025-04-21T13:36:44+00:00\",\"dateModified\":\"2025-08-07T07:34:06+00:00\",\"description\":\"Victime ou proche, d\u00e9couvrez les informations pour bien appr\u00e9hender les proc\u00e9dures juridiques en cas d'erreur m\u00e9dicale ou nosocomiale.\",\"breadcrumb\":{\"@id\":\"https:\/\/aubrylecomte.avocat.fr\/?page_id=144#breadcrumb\"},\"inLanguage\":\"en-US\",\"potentialAction\":[{\"@type\":\"ReadAction\",\"target\":[\"https:\/\/aubrylecomte.avocat.fr\/?page_id=144\"]}]},{\"@type\":\"BreadcrumbList\",\"@id\":\"https:\/\/aubrylecomte.avocat.fr\/?page_id=144#breadcrumb\",\"itemListElement\":[{\"@type\":\"ListItem\",\"position\":1,\"name\":\"Accueil\",\"item\":\"https:\/\/aubrylecomte.avocat.fr\/\"},{\"@type\":\"ListItem\",\"position\":2,\"name\":\"FICHE RESPONSABILITE MEDICALE\"}]},{\"@type\":\"WebSite\",\"@id\":\"https:\/\/aubrylecomte.avocat.fr\/#website\",\"url\":\"https:\/\/aubrylecomte.avocat.fr\/\",\"name\":\"Aubry Le Comte Avocat\",\"description\":\"Un avocat \u00e0 votre service\",\"potentialAction\":[{\"@type\":\"SearchAction\",\"target\":{\"@type\":\"EntryPoint\",\"urlTemplate\":\"https:\/\/aubrylecomte.avocat.fr\/?s={search_term_string}\"},\"query-input\":\"required name=search_term_string\"}],\"inLanguage\":\"en-US\"}]}<\/script>\n<!-- \/ Yoast SEO plugin. -->","yoast_head_json":{"title":"FICHE RESPONSABILITE MEDICALE - Aubry Le Comte Avocat","description":"Victime ou proche, d\u00e9couvrez les informations pour bien appr\u00e9hender les proc\u00e9dures juridiques en cas d'erreur m\u00e9dicale ou nosocomiale.","robots":{"index":"index","follow":"follow","max-snippet":"max-snippet:-1","max-image-preview":"max-image-preview:large","max-video-preview":"max-video-preview:-1"},"canonical":"https:\/\/aubrylecomte.avocat.fr\/?page_id=144","og_locale":"en_US","og_type":"article","og_title":"FICHE RESPONSABILITE MEDICALE - Aubry Le Comte Avocat","og_description":"Victime ou proche, d\u00e9couvrez les informations pour bien appr\u00e9hender les proc\u00e9dures juridiques en cas d'erreur m\u00e9dicale ou nosocomiale.","og_url":"https:\/\/aubrylecomte.avocat.fr\/?page_id=144","og_site_name":"Aubry Le Comte Avocat","article_modified_time":"2025-08-07T07:34:06+00:00","twitter_card":"summary_large_image","twitter_misc":{"Est. reading time":"2 minutes"},"schema":{"@context":"https:\/\/schema.org","@graph":[{"@type":"WebPage","@id":"https:\/\/aubrylecomte.avocat.fr\/?page_id=144","url":"https:\/\/aubrylecomte.avocat.fr\/?page_id=144","name":"FICHE RESPONSABILITE MEDICALE - Aubry Le Comte Avocat","isPartOf":{"@id":"https:\/\/aubrylecomte.avocat.fr\/#website"},"datePublished":"2025-04-21T13:36:44+00:00","dateModified":"2025-08-07T07:34:06+00:00","description":"Victime ou proche, d\u00e9couvrez les informations pour bien appr\u00e9hender les proc\u00e9dures juridiques en cas d'erreur m\u00e9dicale ou nosocomiale.","breadcrumb":{"@id":"https:\/\/aubrylecomte.avocat.fr\/?page_id=144#breadcrumb"},"inLanguage":"en-US","potentialAction":[{"@type":"ReadAction","target":["https:\/\/aubrylecomte.avocat.fr\/?page_id=144"]}]},{"@type":"BreadcrumbList","@id":"https:\/\/aubrylecomte.avocat.fr\/?page_id=144#breadcrumb","itemListElement":[{"@type":"ListItem","position":1,"name":"Accueil","item":"https:\/\/aubrylecomte.avocat.fr\/"},{"@type":"ListItem","position":2,"name":"FICHE RESPONSABILITE MEDICALE"}]},{"@type":"WebSite","@id":"https:\/\/aubrylecomte.avocat.fr\/#website","url":"https:\/\/aubrylecomte.avocat.fr\/","name":"Aubry Le Comte Avocat","description":"Un avocat \u00e0 votre service","potentialAction":[{"@type":"SearchAction","target":{"@type":"EntryPoint","urlTemplate":"https:\/\/aubrylecomte.avocat.fr\/?s={search_term_string}"},"query-input":"required name=search_term_string"}],"inLanguage":"en-US"}]}},"_links":{"self":[{"href":"https:\/\/aubrylecomte.avocat.fr\/index.php?rest_route=\/wp\/v2\/pages\/144","targetHints":{"allow":["GET"]}}],"collection":[{"href":"https:\/\/aubrylecomte.avocat.fr\/index.php?rest_route=\/wp\/v2\/pages"}],"about":[{"href":"https:\/\/aubrylecomte.avocat.fr\/index.php?rest_route=\/wp\/v2\/types\/page"}],"author":[{"embeddable":true,"href":"https:\/\/aubrylecomte.avocat.fr\/index.php?rest_route=\/wp\/v2\/users\/1"}],"replies":[{"embeddable":true,"href":"https:\/\/aubrylecomte.avocat.fr\/index.php?rest_route=%2Fwp%2Fv2%2Fcomments&post=144"}],"version-history":[{"count":7,"href":"https:\/\/aubrylecomte.avocat.fr\/index.php?rest_route=\/wp\/v2\/pages\/144\/revisions"}],"predecessor-version":[{"id":187,"href":"https:\/\/aubrylecomte.avocat.fr\/index.php?rest_route=\/wp\/v2\/pages\/144\/revisions\/187"}],"wp:attachment":[{"href":"https:\/\/aubrylecomte.avocat.fr\/index.php?rest_route=%2Fwp%2Fv2%2Fmedia&parent=144"}],"curies":[{"name":"wp","href":"https:\/\/api.w.org\/{rel}","templated":true}]}}