{"id":134,"date":"2025-04-21T15:19:03","date_gmt":"2025-04-21T13:19:03","guid":{"rendered":"https:\/\/aubrylecomte.avocat.fr\/?page_id=134"},"modified":"2025-08-07T09:34:32","modified_gmt":"2025-08-07T07:34:32","slug":"accident-aide-aux-victimes","status":"publish","type":"page","link":"https:\/\/aubrylecomte.avocat.fr\/?page_id=134","title":{"rendered":"Fiche Accident de la vie"},"content":{"rendered":"<p>[et_pb_section fb_built=&#8221;1&#8243; _builder_version=&#8221;4.24.3&#8243; _module_preset=&#8221;default&#8221; global_colors_info=&#8221;{}&#8221;][et_pb_row _builder_version=&#8221;4.24.3&#8243; _module_preset=&#8221;default&#8221; module_alignment=&#8221;center&#8221; global_colors_info=&#8221;{}&#8221;][et_pb_column type=&#8221;4_4&#8243; _builder_version=&#8221;4.24.3&#8243; _module_preset=&#8221;default&#8221; global_colors_info=&#8221;{}&#8221;][et_pb_heading title=&#8221;Fiche pratique pour les accident de la vie&#8221; _builder_version=&#8221;4.24.3&#8243; _module_preset=&#8221;default&#8221; title_text_align=&#8221;center&#8221; module_alignment=&#8221;center&#8221; custom_padding=&#8221;||1px|||&#8221; global_colors_info=&#8221;{}&#8221;][\/et_pb_heading][\/et_pb_column][\/et_pb_row][et_pb_row _builder_version=&#8221;4.24.3&#8243; _module_preset=&#8221;default&#8221; global_colors_info=&#8221;{}&#8221;][et_pb_column type=&#8221;4_4&#8243; _builder_version=&#8221;4.24.3&#8243; _module_preset=&#8221;default&#8221; global_colors_info=&#8221;{}&#8221;][et_pb_heading title=&#8221;Qui peut obtenir une indemnisation ?&#8221; _builder_version=&#8221;4.24.3&#8243; _module_preset=&#8221;default&#8221; title_level=&#8221;h2&#8243; global_colors_info=&#8221;{}&#8221;][\/et_pb_heading][\/et_pb_column][\/et_pb_row][et_pb_row _builder_version=&#8221;4.24.3&#8243; _module_preset=&#8221;default&#8221; global_colors_info=&#8221;{}&#8221;][et_pb_column type=&#8221;4_4&#8243; _builder_version=&#8221;4.24.3&#8243; _module_preset=&#8221;default&#8221; global_colors_info=&#8221;{}&#8221;][et_pb_text _builder_version=&#8221;4.24.3&#8243; _module_preset=&#8221;default&#8221; global_colors_info=&#8221;{}&#8221;]<\/p>\n<p>Toute personne victime d\u2019un accident est susceptible d\u2019\u00eatre indemnis\u00e9e de son pr\u00e9judice. Si la victime est mineure, celle-ci sera repr\u00e9sent\u00e9e par ses parents.\u00a0<\/p>\n<p>En cas de d\u00e9c\u00e8s de la victime, ses proches pourront obtenir une indemnisation de leurs pr\u00e9judices moraux et financiers.<\/p>\n<p>Si la victime a surv\u00e9cu quelques minutes avant son d\u00e9c\u00e8s, une indemnisation peut \u00e9galement \u00eatre due pour le pr\u00e9judice subi pendant le temps de survie. L\u2019indemnisation sera alors vers\u00e9e \u00e0 ses h\u00e9ritiers.\u00a0<\/p>\n<p>[\/et_pb_text][et_pb_heading title=&#8221;Quel type d\u2019accident ?&#8221; _builder_version=&#8221;4.24.3&#8243; _module_preset=&#8221;default&#8221; title_level=&#8221;h2&#8243; global_colors_info=&#8221;{}&#8221;][\/et_pb_heading][et_pb_text _builder_version=&#8221;4.24.3&#8243; _module_preset=&#8221;default&#8221; global_colors_info=&#8221;{}&#8221;]<\/p>\n<p>Il peut s\u2019agir d\u2019un accident de la circulation, d\u2019une agression, d\u2019une chute dans le cadre d\u2019une activit\u00e9, au domicile (\u2026).<\/p>\n<p>[\/et_pb_text][\/et_pb_column][\/et_pb_row][et_pb_row _builder_version=&#8221;4.24.3&#8243; _module_preset=&#8221;default&#8221; global_colors_info=&#8221;{}&#8221;][et_pb_column type=&#8221;4_4&#8243; _builder_version=&#8221;4.24.3&#8243; _module_preset=&#8221;default&#8221; global_colors_info=&#8221;{}&#8221;][et_pb_heading title=&#8221;Qui indemnise ?&#8221; _builder_version=&#8221;4.24.3&#8243; _module_preset=&#8221;default&#8221; title_level=&#8221;h2&#8243; global_colors_info=&#8221;{}&#8221;][\/et_pb_heading][\/et_pb_column][\/et_pb_row][et_pb_row _builder_version=&#8221;4.24.3&#8243; _module_preset=&#8221;default&#8221; global_colors_info=&#8221;{}&#8221;][et_pb_column type=&#8221;4_4&#8243; _builder_version=&#8221;4.24.3&#8243; _module_preset=&#8221;default&#8221; global_colors_info=&#8221;{}&#8221;][et_pb_text _builder_version=&#8221;4.24.3&#8243; _module_preset=&#8221;default&#8221; global_colors_info=&#8221;{}&#8221;]<\/p>\n<p>Tout d\u00e9pendra du type d\u2019accident.<\/p>\n<p>De mani\u00e8re g\u00e9n\u00e9rale, s\u2019il y a un tiers responsable, celui-ci ou son assureur devra vous indemniser.<\/p>\n<p>S\u2019il n\u2019y a pas de tiers responsable, votre propre assureur sera susceptible de vous indemniser. \u00a0<\/p>\n<p>Certains organismes ont \u00e9galement vocation \u00e0 indemniser les victimes<\/p>\n<p>[\/et_pb_text][\/et_pb_column][\/et_pb_row][et_pb_row _builder_version=&#8221;4.24.3&#8243; _module_preset=&#8221;default&#8221; global_colors_info=&#8221;{}&#8221;][et_pb_column type=&#8221;4_4&#8243; _builder_version=&#8221;4.24.3&#8243; _module_preset=&#8221;default&#8221; global_colors_info=&#8221;{}&#8221;][et_pb_heading title=&#8221;Quel pr\u00e9judice est indemnis\u00e9 ?&#8221; _builder_version=&#8221;4.24.3&#8243; _module_preset=&#8221;default&#8221; title_level=&#8221;h2&#8243; global_colors_info=&#8221;{}&#8221;][\/et_pb_heading][\/et_pb_column][\/et_pb_row][et_pb_row _builder_version=&#8221;4.24.3&#8243; _module_preset=&#8221;default&#8221; global_colors_info=&#8221;{}&#8221;][et_pb_column type=&#8221;4_4&#8243; _builder_version=&#8221;4.24.3&#8243; _module_preset=&#8221;default&#8221; global_colors_info=&#8221;{}&#8221;][et_pb_text _builder_version=&#8221;4.24.3&#8243; _module_preset=&#8221;default&#8221; global_colors_info=&#8221;{}&#8221;]<\/p>\n<p>Tous les pr\u00e9judices sont indemnis\u00e9s. Les pr\u00e9judices peuvent \u00eatre physiques, moraux, professionnels, financiers\u2026<\/p>\n<p>[\/et_pb_text][\/et_pb_column][\/et_pb_row][et_pb_row _builder_version=&#8221;4.24.3&#8243; _module_preset=&#8221;default&#8221; global_colors_info=&#8221;{}&#8221;][et_pb_column type=&#8221;4_4&#8243; _builder_version=&#8221;4.24.3&#8243; _module_preset=&#8221;default&#8221; global_colors_info=&#8221;{}&#8221;][et_pb_heading title=&#8221;Comment \u00e9valuer les pr\u00e9judices ? &#8221; _builder_version=&#8221;4.24.3&#8243; _module_preset=&#8221;default&#8221; title_level=&#8221;h2&#8243; global_colors_info=&#8221;{}&#8221;][\/et_pb_heading][\/et_pb_column][\/et_pb_row][et_pb_row _builder_version=&#8221;4.24.3&#8243; _module_preset=&#8221;default&#8221; global_colors_info=&#8221;{}&#8221;][et_pb_column type=&#8221;4_4&#8243; _builder_version=&#8221;4.24.3&#8243; _module_preset=&#8221;default&#8221; global_colors_info=&#8221;{}&#8221;][et_pb_text _builder_version=&#8221;4.24.3&#8243; _module_preset=&#8221;default&#8221; global_colors_info=&#8221;{}&#8221;]<\/p>\n<p>Dans la grande majorit\u00e9 des cas, il conviendra de mettre en place une expertise m\u00e9dicale qui aura pour but d\u2019\u00e9valuer l\u2019ensemble de vos pr\u00e9judices.<\/p>\n<p>L\u2019expertise peut \u00eatre amiable ou judiciaire.<\/p>\n<p>[\/et_pb_text][\/et_pb_column][\/et_pb_row][et_pb_row _builder_version=&#8221;4.24.3&#8243; _module_preset=&#8221;default&#8221; global_colors_info=&#8221;{}&#8221;][et_pb_column type=&#8221;4_4&#8243; _builder_version=&#8221;4.24.3&#8243; _module_preset=&#8221;default&#8221; global_colors_info=&#8221;{}&#8221;][et_pb_heading title=&#8221;Comment se d\u00e9roule l\u2019expertise ?&#8221; _builder_version=&#8221;4.24.3&#8243; _module_preset=&#8221;default&#8221; title_level=&#8221;h2&#8243; global_colors_info=&#8221;{}&#8221;][\/et_pb_heading][\/et_pb_column][\/et_pb_row][et_pb_row _builder_version=&#8221;4.24.3&#8243; _module_preset=&#8221;default&#8221; global_colors_info=&#8221;{}&#8221;][et_pb_column type=&#8221;4_4&#8243; _builder_version=&#8221;4.24.3&#8243; _module_preset=&#8221;default&#8221; global_colors_info=&#8221;{}&#8221;][et_pb_text _builder_version=&#8221;4.24.3&#8243; _module_preset=&#8221;default&#8221; global_colors_info=&#8221;{}&#8221;]<\/p>\n<p>L\u2019expert examinera le dossier m\u00e9dical de la victime et proc\u00e9dera \u00e0 un examen m\u00e9dical.<\/p>\n<p>De mani\u00e8re g\u00e9n\u00e9rale, la victime est assist\u00e9e lors de l\u2019expertise par un m\u00e9decin-conseil et\/ou un avocat.<\/p>\n<p>[\/et_pb_text][\/et_pb_column][\/et_pb_row][et_pb_row _builder_version=&#8221;4.24.3&#8243; _module_preset=&#8221;default&#8221; global_colors_info=&#8221;{}&#8221;][et_pb_column type=&#8221;4_4&#8243; _builder_version=&#8221;4.24.3&#8243; _module_preset=&#8221;default&#8221; global_colors_info=&#8221;{}&#8221;][et_pb_heading title=&#8221;Combien de temps pour \u00eatre indemnis\u00e9 ?&#8221; _builder_version=&#8221;4.24.3&#8243; _module_preset=&#8221;default&#8221; title_level=&#8221;h2&#8243; global_colors_info=&#8221;{}&#8221;][\/et_pb_heading][\/et_pb_column][\/et_pb_row][et_pb_row _builder_version=&#8221;4.24.3&#8243; _module_preset=&#8221;default&#8221; global_colors_info=&#8221;{}&#8221;][et_pb_column type=&#8221;4_4&#8243; _builder_version=&#8221;4.24.3&#8243; _module_preset=&#8221;default&#8221; global_colors_info=&#8221;{}&#8221;][et_pb_text _builder_version=&#8221;4.24.3&#8243; _module_preset=&#8221;default&#8221; global_colors_info=&#8221;{}&#8221;]<\/p>\n<p>Nul ne peut r\u00e9pondre \u00e0 cette question\u00a0! Il y a autant de r\u00e9ponses que de dossiers diff\u00e9rents.<\/p>\n<p>Une provision \u00e0 valoir sur votre indemnisation pourra n\u00e9anmoins \u00eatre vers\u00e9e, le temps que l\u2019\u00e9valuation d\u00e9finitive de vos pr\u00e9judices soit r\u00e9alis\u00e9e.<\/p>\n<p>[\/et_pb_text][\/et_pb_column][\/et_pb_row][\/et_pb_section][et_pb_section fb_built=&#8221;1&#8243; _builder_version=&#8221;4.24.3&#8243; _module_preset=&#8221;default&#8221; global_colors_info=&#8221;{}&#8221;][et_pb_row _builder_version=&#8221;4.24.3&#8243; _module_preset=&#8221;default&#8221; global_colors_info=&#8221;{}&#8221;][et_pb_column type=&#8221;4_4&#8243; _builder_version=&#8221;4.24.3&#8243; _module_preset=&#8221;default&#8221; global_colors_info=&#8221;{}&#8221;][et_pb_cta title=&#8221;Pour en savoir plus &#8211; contactez moi&#8221; button_url=&#8221;https:\/\/aubrylecomte.avocat.fr\/?page_id=20&#8243; button_text=&#8221;Cliquez-ici&#8221; _builder_version=&#8221;4.24.3&#8243; _module_preset=&#8221;default&#8221; background_color=&#8221;#B3B3B3&#8243; global_colors_info=&#8221;{}&#8221;]<\/p>\n<p>Je vous re\u00e7ois\u00a0 sur rendez-vous dans mon cabinet afin de r\u00e9pondre \u00e0 toutes vos questions<\/p>\n<p>[\/et_pb_cta][\/et_pb_column][\/et_pb_row][\/et_pb_section]<\/p>\n","protected":false},"excerpt":{"rendered":"<p>Toute personne victime d\u2019un accident est susceptible d\u2019\u00eatre indemnis\u00e9e de son pr\u00e9judice. Si la victime est mineure, celle-ci sera repr\u00e9sent\u00e9e par ses parents.\u00a0 En cas de d\u00e9c\u00e8s de la victime, ses proches pourront obtenir une indemnisation de leurs pr\u00e9judices moraux et financiers. Si la victime a surv\u00e9cu quelques minutes avant son d\u00e9c\u00e8s, une indemnisation peut [&hellip;]<\/p>\n","protected":false},"author":1,"featured_media":0,"parent":0,"menu_order":0,"comment_status":"closed","ping_status":"closed","template":"","meta":{"_et_pb_use_builder":"on","_et_pb_old_content":"","_et_gb_content_width":"","footnotes":""},"class_list":["post-134","page","type-page","status-publish","hentry"],"yoast_head":"<!-- This site is optimized with the Yoast SEO plugin v22.4 - https:\/\/yoast.com\/wordpress\/plugins\/seo\/ -->\n<title>Fiche Accident de la vie - Aubry Le Comte Avocat<\/title>\n<meta name=\"description\" content=\"En tant que victime ou proche d&#039;une victime, voici les informations essentielles pour bien g\u00e9rer un accident de la vie. Carnoux-en-provence\" \/>\n<meta name=\"robots\" content=\"index, follow, max-snippet:-1, max-image-preview:large, max-video-preview:-1\" \/>\n<link rel=\"canonical\" href=\"https:\/\/aubrylecomte.avocat.fr\/?page_id=134\" \/>\n<meta property=\"og:locale\" content=\"en_US\" \/>\n<meta property=\"og:type\" content=\"article\" \/>\n<meta property=\"og:title\" content=\"Fiche Accident de la vie - Aubry Le Comte Avocat\" \/>\n<meta property=\"og:description\" content=\"En tant que victime ou proche d&#039;une victime, voici les informations essentielles pour bien g\u00e9rer un accident de la vie. Carnoux-en-provence\" \/>\n<meta property=\"og:url\" content=\"https:\/\/aubrylecomte.avocat.fr\/?page_id=134\" \/>\n<meta property=\"og:site_name\" content=\"Aubry Le Comte Avocat\" \/>\n<meta property=\"article:modified_time\" content=\"2025-08-07T07:34:32+00:00\" \/>\n<meta name=\"twitter:card\" content=\"summary_large_image\" \/>\n<meta name=\"twitter:label1\" content=\"Est. reading time\" \/>\n\t<meta name=\"twitter:data1\" content=\"2 minutes\" \/>\n<script type=\"application\/ld+json\" class=\"yoast-schema-graph\">{\"@context\":\"https:\/\/schema.org\",\"@graph\":[{\"@type\":\"WebPage\",\"@id\":\"https:\/\/aubrylecomte.avocat.fr\/?page_id=134\",\"url\":\"https:\/\/aubrylecomte.avocat.fr\/?page_id=134\",\"name\":\"Fiche Accident de la vie - Aubry Le Comte Avocat\",\"isPartOf\":{\"@id\":\"https:\/\/aubrylecomte.avocat.fr\/#website\"},\"datePublished\":\"2025-04-21T13:19:03+00:00\",\"dateModified\":\"2025-08-07T07:34:32+00:00\",\"description\":\"En tant que victime ou proche d'une victime, voici les informations essentielles pour bien g\u00e9rer un accident de la vie. Carnoux-en-provence\",\"breadcrumb\":{\"@id\":\"https:\/\/aubrylecomte.avocat.fr\/?page_id=134#breadcrumb\"},\"inLanguage\":\"en-US\",\"potentialAction\":[{\"@type\":\"ReadAction\",\"target\":[\"https:\/\/aubrylecomte.avocat.fr\/?page_id=134\"]}]},{\"@type\":\"BreadcrumbList\",\"@id\":\"https:\/\/aubrylecomte.avocat.fr\/?page_id=134#breadcrumb\",\"itemListElement\":[{\"@type\":\"ListItem\",\"position\":1,\"name\":\"Accueil\",\"item\":\"https:\/\/aubrylecomte.avocat.fr\/\"},{\"@type\":\"ListItem\",\"position\":2,\"name\":\"Fiche Accident de la vie\"}]},{\"@type\":\"WebSite\",\"@id\":\"https:\/\/aubrylecomte.avocat.fr\/#website\",\"url\":\"https:\/\/aubrylecomte.avocat.fr\/\",\"name\":\"Aubry Le Comte Avocat\",\"description\":\"Un avocat \u00e0 votre service\",\"potentialAction\":[{\"@type\":\"SearchAction\",\"target\":{\"@type\":\"EntryPoint\",\"urlTemplate\":\"https:\/\/aubrylecomte.avocat.fr\/?s={search_term_string}\"},\"query-input\":\"required name=search_term_string\"}],\"inLanguage\":\"en-US\"}]}<\/script>\n<!-- \/ Yoast SEO plugin. -->","yoast_head_json":{"title":"Fiche Accident de la vie - Aubry Le Comte Avocat","description":"En tant que victime ou proche d'une victime, voici les informations essentielles pour bien g\u00e9rer un accident de la vie. Carnoux-en-provence","robots":{"index":"index","follow":"follow","max-snippet":"max-snippet:-1","max-image-preview":"max-image-preview:large","max-video-preview":"max-video-preview:-1"},"canonical":"https:\/\/aubrylecomte.avocat.fr\/?page_id=134","og_locale":"en_US","og_type":"article","og_title":"Fiche Accident de la vie - Aubry Le Comte Avocat","og_description":"En tant que victime ou proche d'une victime, voici les informations essentielles pour bien g\u00e9rer un accident de la vie. Carnoux-en-provence","og_url":"https:\/\/aubrylecomte.avocat.fr\/?page_id=134","og_site_name":"Aubry Le Comte Avocat","article_modified_time":"2025-08-07T07:34:32+00:00","twitter_card":"summary_large_image","twitter_misc":{"Est. reading time":"2 minutes"},"schema":{"@context":"https:\/\/schema.org","@graph":[{"@type":"WebPage","@id":"https:\/\/aubrylecomte.avocat.fr\/?page_id=134","url":"https:\/\/aubrylecomte.avocat.fr\/?page_id=134","name":"Fiche Accident de la vie - Aubry Le Comte Avocat","isPartOf":{"@id":"https:\/\/aubrylecomte.avocat.fr\/#website"},"datePublished":"2025-04-21T13:19:03+00:00","dateModified":"2025-08-07T07:34:32+00:00","description":"En tant que victime ou proche d'une victime, voici les informations essentielles pour bien g\u00e9rer un accident de la vie. Carnoux-en-provence","breadcrumb":{"@id":"https:\/\/aubrylecomte.avocat.fr\/?page_id=134#breadcrumb"},"inLanguage":"en-US","potentialAction":[{"@type":"ReadAction","target":["https:\/\/aubrylecomte.avocat.fr\/?page_id=134"]}]},{"@type":"BreadcrumbList","@id":"https:\/\/aubrylecomte.avocat.fr\/?page_id=134#breadcrumb","itemListElement":[{"@type":"ListItem","position":1,"name":"Accueil","item":"https:\/\/aubrylecomte.avocat.fr\/"},{"@type":"ListItem","position":2,"name":"Fiche Accident de la vie"}]},{"@type":"WebSite","@id":"https:\/\/aubrylecomte.avocat.fr\/#website","url":"https:\/\/aubrylecomte.avocat.fr\/","name":"Aubry Le Comte Avocat","description":"Un avocat \u00e0 votre service","potentialAction":[{"@type":"SearchAction","target":{"@type":"EntryPoint","urlTemplate":"https:\/\/aubrylecomte.avocat.fr\/?s={search_term_string}"},"query-input":"required name=search_term_string"}],"inLanguage":"en-US"}]}},"_links":{"self":[{"href":"https:\/\/aubrylecomte.avocat.fr\/index.php?rest_route=\/wp\/v2\/pages\/134","targetHints":{"allow":["GET"]}}],"collection":[{"href":"https:\/\/aubrylecomte.avocat.fr\/index.php?rest_route=\/wp\/v2\/pages"}],"about":[{"href":"https:\/\/aubrylecomte.avocat.fr\/index.php?rest_route=\/wp\/v2\/types\/page"}],"author":[{"embeddable":true,"href":"https:\/\/aubrylecomte.avocat.fr\/index.php?rest_route=\/wp\/v2\/users\/1"}],"replies":[{"embeddable":true,"href":"https:\/\/aubrylecomte.avocat.fr\/index.php?rest_route=%2Fwp%2Fv2%2Fcomments&post=134"}],"version-history":[{"count":7,"href":"https:\/\/aubrylecomte.avocat.fr\/index.php?rest_route=\/wp\/v2\/pages\/134\/revisions"}],"predecessor-version":[{"id":188,"href":"https:\/\/aubrylecomte.avocat.fr\/index.php?rest_route=\/wp\/v2\/pages\/134\/revisions\/188"}],"wp:attachment":[{"href":"https:\/\/aubrylecomte.avocat.fr\/index.php?rest_route=%2Fwp%2Fv2%2Fmedia&parent=134"}],"curies":[{"name":"wp","href":"https:\/\/api.w.org\/{rel}","templated":true}]}}